{"id":14,"date":"2020-09-10T09:02:49","date_gmt":"2020-09-10T07:02:49","guid":{"rendered":"http:\/\/obnovmegemer.sk\/?page_id=14"},"modified":"2020-09-10T11:37:25","modified_gmt":"2020-09-10T09:37:25","slug":"uvodna-stranka","status":"publish","type":"page","link":"https:\/\/obnovmegemer.sk\/","title":{"rendered":"G\u00f6m\u00f6r Meg\u00fajul  &#8211; Obnovme Gemer"},"content":{"rendered":"\n<p>Na\u0161a organiz\u00e1cia je akt\u00edvna v&nbsp;okrese Rimavsk\u00e1 Sobota, s\u00fastre\u010fujeme sa na tr\u00e9ning miestnej nezamestnanej pracovnej sily formou pr\u00e1ce priamo v&nbsp;obciach regi\u00f3nu. Na\u0161i pracovn\u00edci funguj\u00fa ako stavebn\u00e1 brig\u00e1da obnovuj\u00faca miestne pam\u00e4tihodnosti a kult\u00farne dedi\u010dstvo v&nbsp;obciach regi\u00f3nu Gemer.<\/p>\n","protected":false},"excerpt":{"rendered":"<p>Na\u0161a organiz\u00e1cia je akt\u00edvna v&nbsp;okrese Rimavsk\u00e1 Sobota, s\u00fastre\u010fujeme sa na tr\u00e9ning miestnej nezamestnanej pracovnej sily formou pr\u00e1ce priamo v&nbsp;obciach regi\u00f3nu. Na\u0161i pracovn\u00edci funguj\u00fa ako stavebn\u00e1 brig\u00e1da obnovuj\u00faca miestne pam\u00e4tihodnosti a kult\u00farne dedi\u010dstvo v&nbsp;obciach regi\u00f3nu Gemer.<\/p>\n","protected":false},"author":1,"featured_media":0,"parent":0,"menu_order":0,"comment_status":"closed","ping_status":"closed","template":"","meta":[],"yoast_head":"<!-- This site is optimized with the Yoast SEO plugin v14.9 - https:\/\/yoast.com\/wordpress\/plugins\/seo\/ -->\n<title>G\u00f6m\u00f6r Meg\u00fajul - Obnovme Gemer - Obnovme Gemer<\/title>\n<meta name=\"robots\" content=\"index, follow, max-snippet:-1, max-image-preview:large, max-video-preview:-1\" \/>\n<link rel=\"canonical\" href=\"http:\/\/obnovmegemer.sk\/\" \/>\n<meta property=\"og:locale\" content=\"sk_SK\" \/>\n<meta property=\"og:type\" content=\"article\" \/>\n<meta property=\"og:title\" content=\"G\u00f6m\u00f6r Meg\u00fajul - Obnovme Gemer - Obnovme Gemer\" \/>\n<meta property=\"og:description\" content=\"Na\u0161a organiz\u00e1cia je akt\u00edvna v&nbsp;okrese Rimavsk\u00e1 Sobota, s\u00fastre\u010fujeme sa na tr\u00e9ning miestnej nezamestnanej pracovnej sily formou pr\u00e1ce priamo v&nbsp;obciach regi\u00f3nu. Na\u0161i pracovn\u00edci funguj\u00fa ako stavebn\u00e1 brig\u00e1da obnovuj\u00faca miestne pam\u00e4tihodnosti a kult\u00farne dedi\u010dstvo v&nbsp;obciach regi\u00f3nu Gemer.\" \/>\n<meta property=\"og:url\" content=\"http:\/\/obnovmegemer.sk\/\" \/>\n<meta property=\"og:site_name\" content=\"Obnovme Gemer\" \/>\n<meta property=\"article:modified_time\" content=\"2020-09-10T09:37:25+00:00\" \/>\n<meta name=\"twitter:card\" content=\"summary_large_image\" \/>\n<script type=\"application\/ld+json\" class=\"yoast-schema-graph\">{\"@context\":\"https:\/\/schema.org\",\"@graph\":[{\"@type\":\"WebSite\",\"@id\":\"https:\/\/obnovmegemer.sk\/#website\",\"url\":\"https:\/\/obnovmegemer.sk\/\",\"name\":\"Obnovme Gemer\",\"description\":\"neziskov\\u00e1 organiz\\u00e1cia\",\"potentialAction\":[{\"@type\":\"SearchAction\",\"target\":\"https:\/\/obnovmegemer.sk\/?s={search_term_string}\",\"query-input\":\"required name=search_term_string\"}],\"inLanguage\":\"sk-SK\"},{\"@type\":\"WebPage\",\"@id\":\"http:\/\/obnovmegemer.sk\/#webpage\",\"url\":\"http:\/\/obnovmegemer.sk\/\",\"name\":\"G\\u00f6m\\u00f6r Meg\\u00fajul - Obnovme Gemer - Obnovme Gemer\",\"isPartOf\":{\"@id\":\"https:\/\/obnovmegemer.sk\/#website\"},\"datePublished\":\"2020-09-10T07:02:49+00:00\",\"dateModified\":\"2020-09-10T09:37:25+00:00\",\"inLanguage\":\"sk-SK\",\"potentialAction\":[{\"@type\":\"ReadAction\",\"target\":[\"http:\/\/obnovmegemer.sk\/\"]}]}]}<\/script>\n<!-- \/ Yoast SEO plugin. -->","_links":{"self":[{"href":"https:\/\/obnovmegemer.sk\/index.php?rest_route=\/wp\/v2\/pages\/14"}],"collection":[{"href":"https:\/\/obnovmegemer.sk\/index.php?rest_route=\/wp\/v2\/pages"}],"about":[{"href":"https:\/\/obnovmegemer.sk\/index.php?rest_route=\/wp\/v2\/types\/page"}],"author":[{"embeddable":true,"href":"https:\/\/obnovmegemer.sk\/index.php?rest_route=\/wp\/v2\/users\/1"}],"replies":[{"embeddable":true,"href":"https:\/\/obnovmegemer.sk\/index.php?rest_route=%2Fwp%2Fv2%2Fcomments&post=14"}],"version-history":[{"count":5,"href":"https:\/\/obnovmegemer.sk\/index.php?rest_route=\/wp\/v2\/pages\/14\/revisions"}],"predecessor-version":[{"id":60,"href":"https:\/\/obnovmegemer.sk\/index.php?rest_route=\/wp\/v2\/pages\/14\/revisions\/60"}],"wp:attachment":[{"href":"https:\/\/obnovmegemer.sk\/index.php?rest_route=%2Fwp%2Fv2%2Fmedia&parent=14"}],"curies":[{"name":"wp","href":"https:\/\/api.w.org\/{rel}","templated":true}]}}