{"id":16,"date":"2020-09-10T09:02:49","date_gmt":"2020-09-10T07:02:49","guid":{"rendered":"http:\/\/obnovmegemer.sk\/?page_id=16"},"modified":"2020-10-22T15:45:30","modified_gmt":"2020-10-22T13:45:30","slug":"kontakt","status":"publish","type":"page","link":"https:\/\/obnovmegemer.sk\/?page_id=16","title":{"rendered":"Zapojte sa aj Vy!"},"content":{"rendered":"\n<p>M\u00e1 Va\u0161a obec zauj\u00edmav\u00fa pam\u00e4tihodnos\u0165? Pozn\u00e1te nejak\u00e9 miesto, ktor\u00e9 by si zasl\u00fa\u017eilo viac opatery a drobn\u00e9 \u00fapravy? Potrebuje nie\u010do vo Va\u0161om okol\u00ed rekon\u0161trukciu?<\/p>\n\n\n\n<p>Spojte sa s nami a po\u010fme to obnovi\u0165 spolo\u010dne!<\/p>\n\n\n\n<p><\/p>\n\n\n\n<p><\/p>\n\n\n\n<p><strong>Darujte n\u00e1m&nbsp; 2%&nbsp;<\/strong><\/p>\n\n\n\n<p>Pokia\u013e sa V\u00e1m p\u00e1\u010di na\u0161a pr\u00e1ca, fand\u00edte na\u0161im pracovn\u00edkom a z\u00e1le\u017e\u00ed v\u00e1m na kult\u00farnom dedi\u010dstve Gemera, aj 2 % Va\u0161ich dan\u00ed n\u00e1m pom\u00f4\u017eu udr\u017ea\u0165 a rozv\u00edja\u0165 na\u0161e aktivity. M\u00f4\u017ete ich pouk\u00e1za\u0165 na:&nbsp;<\/p>\n\n\n\n<p><strong>Obnovme Gemer, n.o.<\/strong><\/p>\n\n\n\n<p>Rakytn\u00edk 15&nbsp;<\/p>\n\n\n\n<p>980 21 B\u00e1tka&nbsp;<\/p>\n\n\n\n<p>I\u010cO: 52093123\u00a0<\/p>\n\n\n\n<p>V pr\u00edpade nejasnost\u00ed n\u00e1s kontaktujte.&nbsp;<\/p>\n","protected":false},"excerpt":{"rendered":"<p>M\u00e1 Va\u0161a obec zauj\u00edmav\u00fa pam\u00e4tihodnos\u0165? Pozn\u00e1te nejak\u00e9 miesto, ktor\u00e9 by si zasl\u00fa\u017eilo viac opatery a drobn\u00e9 \u00fapravy? Potrebuje nie\u010do vo Va\u0161om okol\u00ed rekon\u0161trukciu? Spojte sa s nami a po\u010fme to obnovi\u0165 spolo\u010dne! Darujte n\u00e1m&nbsp; 2%&nbsp; Pokia\u013e sa V\u00e1m p\u00e1\u010di na\u0161a pr\u00e1ca, fand\u00edte na\u0161im pracovn\u00edkom a z\u00e1le\u017e\u00ed v\u00e1m na kult\u00farnom dedi\u010dstve Gemera, aj 2 % Va\u0161ich &hellip; <\/p>\n<p class=\"link-more\"><a href=\"https:\/\/obnovmegemer.sk\/?page_id=16\" class=\"more-link\">Pokra\u010dova\u0165 v \u010d\u00edtan\u00ed<span class=\"screen-reader-text\"> &#8222;Zapojte sa aj Vy!&#8220;<\/span><\/a><\/p>\n","protected":false},"author":1,"featured_media":57,"parent":0,"menu_order":0,"comment_status":"closed","ping_status":"closed","template":"","meta":[],"yoast_head":"<!-- This site is optimized with the Yoast SEO plugin v14.9 - https:\/\/yoast.com\/wordpress\/plugins\/seo\/ -->\n<title>Zapojte sa aj Vy! - Obnovme Gemer<\/title>\n<meta name=\"robots\" content=\"index, follow, max-snippet:-1, max-image-preview:large, max-video-preview:-1\" \/>\n<link rel=\"canonical\" href=\"http:\/\/obnovmegemer.sk\/?page_id=16\" \/>\n<meta property=\"og:locale\" content=\"sk_SK\" \/>\n<meta property=\"og:type\" content=\"article\" \/>\n<meta property=\"og:title\" content=\"Zapojte sa aj Vy! - Obnovme Gemer\" \/>\n<meta property=\"og:description\" content=\"M\u00e1 Va\u0161a obec zauj\u00edmav\u00fa pam\u00e4tihodnos\u0165? Pozn\u00e1te nejak\u00e9 miesto, ktor\u00e9 by si zasl\u00fa\u017eilo viac opatery a drobn\u00e9 \u00fapravy? Potrebuje nie\u010do vo Va\u0161om okol\u00ed rekon\u0161trukciu? Spojte sa s nami a po\u010fme to obnovi\u0165 spolo\u010dne! Darujte n\u00e1m&nbsp; 2%&nbsp; Pokia\u013e sa V\u00e1m p\u00e1\u010di na\u0161a pr\u00e1ca, fand\u00edte na\u0161im pracovn\u00edkom a z\u00e1le\u017e\u00ed v\u00e1m na kult\u00farnom dedi\u010dstve Gemera, aj 2 % Va\u0161ich &hellip; Pokra\u010dova\u0165 v \u010d\u00edtan\u00ed &quot;Zapojte sa aj Vy!&quot;\" \/>\n<meta property=\"og:url\" content=\"http:\/\/obnovmegemer.sk\/?page_id=16\" \/>\n<meta property=\"og:site_name\" content=\"Obnovme Gemer\" \/>\n<meta property=\"article:modified_time\" content=\"2020-10-22T13:45:30+00:00\" \/>\n<meta property=\"og:image\" content=\"https:\/\/obnovmegemer.sk\/wp-content\/uploads\/2020\/09\/IMG_0095.jpg\" \/>\n\t<meta property=\"og:image:width\" content=\"2048\" \/>\n\t<meta property=\"og:image:height\" content=\"1536\" \/>\n<meta name=\"twitter:card\" content=\"summary_large_image\" \/>\n<script type=\"application\/ld+json\" class=\"yoast-schema-graph\">{\"@context\":\"https:\/\/schema.org\",\"@graph\":[{\"@type\":\"WebSite\",\"@id\":\"https:\/\/obnovmegemer.sk\/#website\",\"url\":\"https:\/\/obnovmegemer.sk\/\",\"name\":\"Obnovme Gemer\",\"description\":\"neziskov\\u00e1 organiz\\u00e1cia\",\"potentialAction\":[{\"@type\":\"SearchAction\",\"target\":\"https:\/\/obnovmegemer.sk\/?s={search_term_string}\",\"query-input\":\"required name=search_term_string\"}],\"inLanguage\":\"sk-SK\"},{\"@type\":\"ImageObject\",\"@id\":\"http:\/\/obnovmegemer.sk\/?page_id=16#primaryimage\",\"inLanguage\":\"sk-SK\",\"url\":\"https:\/\/obnovmegemer.sk\/wp-content\/uploads\/2020\/09\/IMG_0095.jpg\",\"width\":2048,\"height\":1536},{\"@type\":\"WebPage\",\"@id\":\"http:\/\/obnovmegemer.sk\/?page_id=16#webpage\",\"url\":\"http:\/\/obnovmegemer.sk\/?page_id=16\",\"name\":\"Zapojte sa aj Vy! - Obnovme Gemer\",\"isPartOf\":{\"@id\":\"https:\/\/obnovmegemer.sk\/#website\"},\"primaryImageOfPage\":{\"@id\":\"http:\/\/obnovmegemer.sk\/?page_id=16#primaryimage\"},\"datePublished\":\"2020-09-10T07:02:49+00:00\",\"dateModified\":\"2020-10-22T13:45:30+00:00\",\"inLanguage\":\"sk-SK\",\"potentialAction\":[{\"@type\":\"ReadAction\",\"target\":[\"http:\/\/obnovmegemer.sk\/?page_id=16\"]}]}]}<\/script>\n<!-- \/ Yoast SEO plugin. -->","_links":{"self":[{"href":"https:\/\/obnovmegemer.sk\/index.php?rest_route=\/wp\/v2\/pages\/16"}],"collection":[{"href":"https:\/\/obnovmegemer.sk\/index.php?rest_route=\/wp\/v2\/pages"}],"about":[{"href":"https:\/\/obnovmegemer.sk\/index.php?rest_route=\/wp\/v2\/types\/page"}],"author":[{"embeddable":true,"href":"https:\/\/obnovmegemer.sk\/index.php?rest_route=\/wp\/v2\/users\/1"}],"replies":[{"embeddable":true,"href":"https:\/\/obnovmegemer.sk\/index.php?rest_route=%2Fwp%2Fv2%2Fcomments&post=16"}],"version-history":[{"count":3,"href":"https:\/\/obnovmegemer.sk\/index.php?rest_route=\/wp\/v2\/pages\/16\/revisions"}],"predecessor-version":[{"id":62,"href":"https:\/\/obnovmegemer.sk\/index.php?rest_route=\/wp\/v2\/pages\/16\/revisions\/62"}],"wp:featuredmedia":[{"embeddable":true,"href":"https:\/\/obnovmegemer.sk\/index.php?rest_route=\/wp\/v2\/media\/57"}],"wp:attachment":[{"href":"https:\/\/obnovmegemer.sk\/index.php?rest_route=%2Fwp%2Fv2%2Fmedia&parent=16"}],"curies":[{"name":"wp","href":"https:\/\/api.w.org\/{rel}","templated":true}]}}