{"id":18,"date":"2020-09-10T09:02:49","date_gmt":"2020-09-10T07:02:49","guid":{"rendered":"http:\/\/obnovmegemer.sk\/?page_id=18"},"modified":"2022-07-11T08:14:13","modified_gmt":"2022-07-11T06:14:13","slug":"sekcia-domovskej-stranky","status":"publish","type":"page","link":"https:\/\/obnovmegemer.sk\/?page_id=18","title":{"rendered":"Na\u0161e \u00faspechy"},"content":{"rendered":"\n<p>Od roku 2018 sa n\u00e1m doteraz podarilo obnovi\u0165 pam\u00e4tn\u00fd dom v obci Rakytn\u00edk, v obci Kr\u00e1\u013e, verejn\u00e9 priestory v pam\u00e4ti b\u00e1snika Mikl\u00f3sa Radn\u00f3tiho, spomienkov\u00e9 kr\u00ed\u017ee a in\u00e9. Vytr\u00e9novalo sa 6 znev\u00fdhodnen\u00fdch uch\u00e1dza\u010dov o zamestnanie z MRK neform\u00e1lnym sp\u00f4sobom v oblasti tes\u00e1rstva a\u00a0mur\u00e1rstva, so \u0161pecializovan\u00fdmi sk\u00fasenos\u0165ami, pod veden\u00edm odborn\u00e9ho stavebn\u00e9ho majstra.<\/p>\n\n\n\n<p>Po\u010das pand\u00e9mie COVID-19 sme akt\u00edvne pom\u00e1hali zlep\u0161ova\u0165 \u017eivotn\u00e9 podmienky obyvate\u013eom regi\u00f3nu a zvy\u0161ovali dostupnos\u0165 a hygienick\u00fd \u0161tandard verejnej infra\u0161trukt\u00fary. <\/p>\n\n\n\n<div class=\"wp-block-file\"><a href=\"http:\/\/obnovmegemer.sk\/wp-content\/uploads\/2021\/06\/Vyrocna-sprava_Obnovme-Gemer_2020.pdf\">Pre\u010d\u00edtajte si na\u0161u V\u00fdro\u010dn\u00fa spr\u00e1vu za rok 2020:<\/a><a href=\"http:\/\/obnovmegemer.sk\/wp-content\/uploads\/2021\/06\/Vyrocna-sprava_Obnovme-Gemer_2020.pdf\" class=\"wp-block-file__button\" download>Stiahnu\u0165<\/a><\/div>\n\n\n\n<p>Pre\u010d\u00edtajte si na\u0161u <a href=\"http:\/\/obnovmegemer.sk\/wp-content\/uploads\/2022\/07\/Vy\u0301roc\u030cna\u0301-spra\u0301va-2021.pdf\" target=\"_blank\" rel=\"noreferrer noopener\">V\u00fdro\u010dn\u00fa spr\u00e1vu za rok 2021<\/a><a href=\"http:\/\/obnovmegemer.sk\/wp-content\/uploads\/2022\/07\/Vy\u0301roc\u030cna\u0301-spra\u0301va-2021.pdf\"> <\/a><\/p>\n\n\n\n<div class=\"wp-block-buttons\"><\/div>\n","protected":false},"excerpt":{"rendered":"<p>Od roku 2018 sa n\u00e1m doteraz podarilo obnovi\u0165 pam\u00e4tn\u00fd dom v obci Rakytn\u00edk, v obci Kr\u00e1\u013e, verejn\u00e9 priestory v pam\u00e4ti b\u00e1snika Mikl\u00f3sa Radn\u00f3tiho, spomienkov\u00e9 kr\u00ed\u017ee a in\u00e9. Vytr\u00e9novalo sa 6 znev\u00fdhodnen\u00fdch uch\u00e1dza\u010dov o zamestnanie z MRK neform\u00e1lnym sp\u00f4sobom v oblasti tes\u00e1rstva a\u00a0mur\u00e1rstva, so \u0161pecializovan\u00fdmi sk\u00fasenos\u0165ami, pod veden\u00edm odborn\u00e9ho stavebn\u00e9ho majstra. Po\u010das pand\u00e9mie COVID-19 sme akt\u00edvne &hellip; <\/p>\n<p class=\"link-more\"><a href=\"https:\/\/obnovmegemer.sk\/?page_id=18\" class=\"more-link\">Pokra\u010dova\u0165 v \u010d\u00edtan\u00ed<span class=\"screen-reader-text\"> &#8222;Na\u0161e \u00faspechy&#8220;<\/span><\/a><\/p>\n","protected":false},"author":1,"featured_media":55,"parent":0,"menu_order":0,"comment_status":"closed","ping_status":"closed","template":"","meta":[],"yoast_head":"<!-- This site is optimized with the Yoast SEO plugin v14.9 - https:\/\/yoast.com\/wordpress\/plugins\/seo\/ -->\n<title>Na\u0161e \u00faspechy - Obnovme Gemer<\/title>\n<meta name=\"robots\" content=\"index, follow, max-snippet:-1, max-image-preview:large, max-video-preview:-1\" \/>\n<link rel=\"canonical\" href=\"http:\/\/obnovmegemer.sk\/?page_id=18\" \/>\n<meta property=\"og:locale\" content=\"sk_SK\" \/>\n<meta property=\"og:type\" content=\"article\" \/>\n<meta property=\"og:title\" content=\"Na\u0161e \u00faspechy - Obnovme Gemer\" \/>\n<meta property=\"og:description\" content=\"Od roku 2018 sa n\u00e1m doteraz podarilo obnovi\u0165 pam\u00e4tn\u00fd dom v obci Rakytn\u00edk, v obci Kr\u00e1\u013e, verejn\u00e9 priestory v pam\u00e4ti b\u00e1snika Mikl\u00f3sa Radn\u00f3tiho, spomienkov\u00e9 kr\u00ed\u017ee a in\u00e9. Vytr\u00e9novalo sa 6 znev\u00fdhodnen\u00fdch uch\u00e1dza\u010dov o zamestnanie z MRK neform\u00e1lnym sp\u00f4sobom v oblasti tes\u00e1rstva a\u00a0mur\u00e1rstva, so \u0161pecializovan\u00fdmi sk\u00fasenos\u0165ami, pod veden\u00edm odborn\u00e9ho stavebn\u00e9ho majstra. Po\u010das pand\u00e9mie COVID-19 sme akt\u00edvne &hellip; Pokra\u010dova\u0165 v \u010d\u00edtan\u00ed &quot;Na\u0161e \u00faspechy&quot;\" \/>\n<meta property=\"og:url\" content=\"http:\/\/obnovmegemer.sk\/?page_id=18\" \/>\n<meta property=\"og:site_name\" content=\"Obnovme Gemer\" \/>\n<meta property=\"article:modified_time\" content=\"2022-07-11T06:14:13+00:00\" \/>\n<meta property=\"og:image\" content=\"https:\/\/obnovmegemer.sk\/wp-content\/uploads\/2020\/09\/IMG_0105.jpg\" \/>\n\t<meta property=\"og:image:width\" content=\"2049\" \/>\n\t<meta property=\"og:image:height\" content=\"1537\" \/>\n<meta name=\"twitter:card\" content=\"summary_large_image\" \/>\n<script type=\"application\/ld+json\" class=\"yoast-schema-graph\">{\"@context\":\"https:\/\/schema.org\",\"@graph\":[{\"@type\":\"WebSite\",\"@id\":\"https:\/\/obnovmegemer.sk\/#website\",\"url\":\"https:\/\/obnovmegemer.sk\/\",\"name\":\"Obnovme Gemer\",\"description\":\"neziskov\\u00e1 organiz\\u00e1cia\",\"potentialAction\":[{\"@type\":\"SearchAction\",\"target\":\"https:\/\/obnovmegemer.sk\/?s={search_term_string}\",\"query-input\":\"required name=search_term_string\"}],\"inLanguage\":\"sk-SK\"},{\"@type\":\"ImageObject\",\"@id\":\"http:\/\/obnovmegemer.sk\/?page_id=18#primaryimage\",\"inLanguage\":\"sk-SK\",\"url\":\"https:\/\/obnovmegemer.sk\/wp-content\/uploads\/2020\/09\/IMG_0105.jpg\",\"width\":2049,\"height\":1537},{\"@type\":\"WebPage\",\"@id\":\"http:\/\/obnovmegemer.sk\/?page_id=18#webpage\",\"url\":\"http:\/\/obnovmegemer.sk\/?page_id=18\",\"name\":\"Na\\u0161e \\u00faspechy - Obnovme Gemer\",\"isPartOf\":{\"@id\":\"https:\/\/obnovmegemer.sk\/#website\"},\"primaryImageOfPage\":{\"@id\":\"http:\/\/obnovmegemer.sk\/?page_id=18#primaryimage\"},\"datePublished\":\"2020-09-10T07:02:49+00:00\",\"dateModified\":\"2022-07-11T06:14:13+00:00\",\"inLanguage\":\"sk-SK\",\"potentialAction\":[{\"@type\":\"ReadAction\",\"target\":[\"http:\/\/obnovmegemer.sk\/?page_id=18\"]}]}]}<\/script>\n<!-- \/ Yoast SEO plugin. -->","_links":{"self":[{"href":"https:\/\/obnovmegemer.sk\/index.php?rest_route=\/wp\/v2\/pages\/18"}],"collection":[{"href":"https:\/\/obnovmegemer.sk\/index.php?rest_route=\/wp\/v2\/pages"}],"about":[{"href":"https:\/\/obnovmegemer.sk\/index.php?rest_route=\/wp\/v2\/types\/page"}],"author":[{"embeddable":true,"href":"https:\/\/obnovmegemer.sk\/index.php?rest_route=\/wp\/v2\/users\/1"}],"replies":[{"embeddable":true,"href":"https:\/\/obnovmegemer.sk\/index.php?rest_route=%2Fwp%2Fv2%2Fcomments&post=18"}],"version-history":[{"count":5,"href":"https:\/\/obnovmegemer.sk\/index.php?rest_route=\/wp\/v2\/pages\/18\/revisions"}],"predecessor-version":[{"id":102,"href":"https:\/\/obnovmegemer.sk\/index.php?rest_route=\/wp\/v2\/pages\/18\/revisions\/102"}],"wp:featuredmedia":[{"embeddable":true,"href":"https:\/\/obnovmegemer.sk\/index.php?rest_route=\/wp\/v2\/media\/55"}],"wp:attachment":[{"href":"https:\/\/obnovmegemer.sk\/index.php?rest_route=%2Fwp%2Fv2%2Fmedia&parent=18"}],"curies":[{"name":"wp","href":"https:\/\/api.w.org\/{rel}","templated":true}]}}